{"id":106,"date":"2020-09-29T21:32:41","date_gmt":"2020-09-29T21:32:41","guid":{"rendered":"http:\/\/200.7.160.154\/caepagina\/?page_id=106"},"modified":"2023-06-26T18:42:52","modified_gmt":"2023-06-26T22:42:52","slug":"mision-v-vision","status":"publish","type":"page","link":"https:\/\/ae.umsa.bo\/index.php\/mision-v-vision\/","title":{"rendered":"Misi\u00f3n y Visi\u00f3n"},"content":{"rendered":"\n<p><\/p>\n\n\n\n<div style=\"box-shadow: 0px 0px 10px 0px #333 inset; padding: 10px 20px 20px 20px; text-align: justify;\">\n<p><b>Misi\u00f3n de la Carrera:<\/b> <\/p>\n<p>\u201cFormar profesionales investigadores, competentes, gestores, lideres emprendedores, comprometidos con desarrollo sostenible de la sociedad con cualidad \u00e9tica y responsabilidad social\u201d<\/p> <\/div>\n\n\n\n<p><\/p>\n\n\n\n<div style=\"box-shadow: 0px 0px 10px 0px #333 inset; padding: 10px 20px 20px 20px; text-align: justify;\">\n<p><b>Visi\u00f3n de la Carrera:<\/b> <\/p>\n<p>Ser la unidad acad\u00e9mica l\u00edder en gesti\u00f3n del conocimiento e innovaci\u00f3n en las ciencias administrativas con reconocimiento y apertura regional, nacional e internacional por su aporte al desarrollo sostenible.<\/p><\/div>\n<p><\/p>\n\n\n\n<p><span style=\"display: flex; justify-content: center;\"> <iframe title=\"YouTube video player\" src=\"https:\/\/www.youtube.com\/embed\/E7npRzgZOR4\" width=\"560\" height=\"315\" frameborder=\"0\" allowfullscreen=\"allowfullscreen\"><\/iframe><\/span><\/p>\n","protected":false},"excerpt":{"rendered":"<p>Misi\u00f3n de la Carrera: \u201cFormar profesionales investigadores, competentes, gestores, lideres emprendedores, comprometidos con desarrollo sostenible de la sociedad con cualidad \u00e9tica y responsabilidad social\u201d Visi\u00f3n de la Carrera: Ser la unidad acad\u00e9mica l\u00edder en gesti\u00f3n del conocimiento e innovaci\u00f3n en las ciencias administrativas con reconocimiento y apertura regional, nacional e internacional por su aporte al [&hellip;]<\/p>\n","protected":false},"author":1,"featured_media":0,"parent":0,"menu_order":0,"comment_status":"closed","ping_status":"closed","template":"","meta":{"_links_to":"","_links_to_target":""},"_links":{"self":[{"href":"https:\/\/ae.umsa.bo\/index.php\/wp-json\/wp\/v2\/pages\/106"}],"collection":[{"href":"https:\/\/ae.umsa.bo\/index.php\/wp-json\/wp\/v2\/pages"}],"about":[{"href":"https:\/\/ae.umsa.bo\/index.php\/wp-json\/wp\/v2\/types\/page"}],"author":[{"embeddable":true,"href":"https:\/\/ae.umsa.bo\/index.php\/wp-json\/wp\/v2\/users\/1"}],"replies":[{"embeddable":true,"href":"https:\/\/ae.umsa.bo\/index.php\/wp-json\/wp\/v2\/comments?post=106"}],"version-history":[{"count":25,"href":"https:\/\/ae.umsa.bo\/index.php\/wp-json\/wp\/v2\/pages\/106\/revisions"}],"predecessor-version":[{"id":5859,"href":"https:\/\/ae.umsa.bo\/index.php\/wp-json\/wp\/v2\/pages\/106\/revisions\/5859"}],"wp:attachment":[{"href":"https:\/\/ae.umsa.bo\/index.php\/wp-json\/wp\/v2\/media?parent=106"}],"curies":[{"name":"wp","href":"https:\/\/api.w.org\/{rel}","templated":true}]}}