{"id":117,"date":"2020-11-04T20:33:53","date_gmt":"2020-11-04T20:33:53","guid":{"rendered":"http:\/\/200.7.160.154\/caepagina\/?page_id=117"},"modified":"2022-09-02T16:29:05","modified_gmt":"2022-09-02T20:29:05","slug":"perfil-profesional","status":"publish","type":"page","link":"https:\/\/ae.umsa.bo\/index.php\/perfil-profesional\/","title":{"rendered":"Perfil Profesional"},"content":{"rendered":"\n<div style=\"box-shadow: 0px 0px 10px 0px #333 inset; padding: 10px 20px 20px 20px; text-align: justify;\">\n<p><b>Perfil profesional:<\/b> <\/p>\n<p>\n El plan de estudios debe establecer el perfil profesional en forma clara, con una descripci\u00f3n general de conocimientos, habilidades, aptitudes y valores y\/o competencias, que deber\u00e1 tener un estudiante al titularse. <\/br><\/br>\nNuestro pa\u00eds precisa de profesionales en Administraci\u00f3n de Empresas capaces de crear, desarrollar y gestionar empresas con una visi\u00f3n integral de las organizaciones en un ambiente competitivo, que les permita administrar recursos de una manera eficaz, eficiente y efectiva y que demuestren actitudes de mejoramiento continuo y responsabilidad social.<\/br><\/br>\nEl licenciado en Administraci\u00f3n de Empresas cuenta con una formaci\u00f3n multidisciplinaria que le permitir\u00e1 desarrollar actividades relacionadas a funciones gerenciales, de planificaci\u00f3n, organizaci\u00f3n, coordinaci\u00f3n, integraci\u00f3n, direcci\u00f3n y control, optimizando as\u00ed esfuerzos y recursos y funciones empresariales:\nmarketing, producci\u00f3n, finanzas, recursos humanos y administraci\u00f3n de la tecnolog\u00eda en un marco de competencia nacional y global, innovando procesos y procedimientos organizacionales.<\/br><\/br>\nEl perfil de la licenciatura en Administraci\u00f3n de Empresas consta de tres menciones \u201cEmprendimiento, Marketing y Gesti\u00f3n del Talento Humano\u201d sobre esta base se estructura el perfil de la licenciatura en Administraci\u00f3n y Gerencia P\u00fablica y la licenciatura en Administraci\u00f3n y Gerencia Financiera.<\/br><\/br>\n \nEl licenciado en   Administrador de Empresas es un profesional emprendedor, cr\u00edtico y estrat\u00e9gico, que responde a un c\u00f3digo de \u00e9tica empresarial, cuyas competencias habilidades, aptitudes y valores son:<\/br><\/br>\n \nCOMPETENCIAS, HABILIDADES, APTITUDES Y VALORES \n\n<\/p><\/div>\n<p><\/p>\n","protected":false},"excerpt":{"rendered":"<p>Perfil profesional: El plan de estudios debe establecer el perfil profesional en forma clara, con una descripci\u00f3n general de conocimientos, habilidades, aptitudes y valores y\/o competencias, que deber\u00e1 tener un estudiante al titularse. Nuestro pa\u00eds precisa de profesionales en Administraci\u00f3n de Empresas capaces de crear, desarrollar y gestionar empresas con una visi\u00f3n integral de las [&hellip;]<\/p>\n","protected":false},"author":1,"featured_media":0,"parent":0,"menu_order":0,"comment_status":"closed","ping_status":"closed","template":"","meta":{"_links_to":"","_links_to_target":""},"_links":{"self":[{"href":"https:\/\/ae.umsa.bo\/index.php\/wp-json\/wp\/v2\/pages\/117"}],"collection":[{"href":"https:\/\/ae.umsa.bo\/index.php\/wp-json\/wp\/v2\/pages"}],"about":[{"href":"https:\/\/ae.umsa.bo\/index.php\/wp-json\/wp\/v2\/types\/page"}],"author":[{"embeddable":true,"href":"https:\/\/ae.umsa.bo\/index.php\/wp-json\/wp\/v2\/users\/1"}],"replies":[{"embeddable":true,"href":"https:\/\/ae.umsa.bo\/index.php\/wp-json\/wp\/v2\/comments?post=117"}],"version-history":[{"count":11,"href":"https:\/\/ae.umsa.bo\/index.php\/wp-json\/wp\/v2\/pages\/117\/revisions"}],"predecessor-version":[{"id":4052,"href":"https:\/\/ae.umsa.bo\/index.php\/wp-json\/wp\/v2\/pages\/117\/revisions\/4052"}],"wp:attachment":[{"href":"https:\/\/ae.umsa.bo\/index.php\/wp-json\/wp\/v2\/media?parent=117"}],"curies":[{"name":"wp","href":"https:\/\/api.w.org\/{rel}","templated":true}]}}