{"id":142,"date":"2020-11-04T20:06:42","date_gmt":"2020-11-04T20:06:42","guid":{"rendered":"http:\/\/200.7.160.154\/caepagina\/?page_id=142"},"modified":"2026-02-27T10:14:19","modified_gmt":"2026-02-27T14:14:19","slug":"personal-administrativo","status":"publish","type":"page","link":"https:\/\/ae.umsa.bo\/index.php\/personal-administrativo\/","title":{"rendered":"Personal Administrativo"},"content":{"rendered":"\n<p class=\"has-text-align-center has-medium-font-size\"><strong><em><span style=\"color:#0693e3\" class=\"tadv-color\">UNIDAD DIRECCI\u00d3N DE CARRERA<\/span><\/em><\/strong><\/p>\n\n\n\n<p class=\"has-text-align-center has-small-font-size\">Claudia M. Ramirez Flores<br><b>SECRETARIA<\/b><\/p>\n\n\n\n<p class=\"has-text-align-center has-small-font-size\"> Lic. Gaby Gabriela Aroa Calizaya<br><strong>T\u00c9CNICO FINANCIERO (Monoblock)<\/strong><\/p>\n\n\n\n<p class=\"has-text-align-center has-small-font-size\"> Luisandra Daga Blanco<br><strong>T\u00c9CNICO COMUNICADOR SOCIAL (Monoblock)<\/strong><\/p>\n\n\n\n<p class=\"has-text-align-center has-small-font-size\">Angelica Mariscal Suxo<br><b>PORTERO MENSAJERO (Monoblock)<\/b><\/p>\n\n\n\n<p class=\"has-text-align-center has-small-font-size\">Omar Choque Vallejos<br><strong>APOYO ADMINISTRATIVO IV (Monoblock)<\/strong><\/p>\n\n\n\n<p class=\"has-text-align-center has-small-font-size\">Milton Feliz Flores Laruta<br><strong>PORTERO MENSAJERO (<strong>Monoblock<\/strong>)<\/strong><\/p>\n\n\n\n<p class=\"has-text-align-center has-small-font-size\">Machaca Tola Lourdes<br><strong>APOYO ADMINISTRATIVO II (Monoblock)<\/strong><\/p>\n\n\n\n<p class=\"has-text-align-center has-small-font-size\"><\/p>\n\n\n\n<hr style=\"border: 0;\n    height: 1px;\n    background-image: linear-gradient(to right, rgba(0, 0, 0, 0), rgba(0, 0, 0, 0.75), rgba(0, 0, 0, 0));\">\n\n\n\n<p class=\"has-text-align-center has-medium-font-size\"><span><span style=\"\" class=\"tadv-color\"><strong style=\"color: rgb(6, 147, 227); font-style: italic;\">UNIDAD DE KARDEX<\/strong><\/span><\/span><\/p>\n\n\n\n<p class=\"has-text-align-center has-small-font-size\"> Javier Escobar Paredes<br><b>ENCARGADO KARDEX ACADEMICO<\/b><\/p>\n\n\n\n<p class=\"has-text-align-center has-small-font-size\"> Reynaldo Morales Velasco<br><b>KARDIXTA 1<\/b><\/p>\n\n\n\n<p class=\"has-text-align-center has-small-font-size\">Marco Borda Caceres <br><strong>OFICINISTA<\/strong><\/p>\n\n\n\n<p class=\"has-text-align-center has-small-font-size\">Vidal F. Apaza Valeriano<br><b>TRANSCRIPTOR<\/b><\/p>\n\n\n\n\n\n<hr style=\"border: 0;\n    height: 1px;\n    background-image: linear-gradient(to right, rgba(0, 0, 0, 0), rgba(0, 0, 0, 0.75), rgba(0, 0, 0, 0));\">\n\n\n\n<p class=\"has-text-align-center has-medium-font-size\"><em><span style=\"color:#0693e3\" class=\"tadv-color\"><strong>UNIDAD BIBLIOTECA<\/strong><\/span><\/em><\/p>\n\n\n\n<p class=\"has-text-align-center has-small-font-size\"> Julio Mamani Rojas<br><b>BIBLIOTECARIO<\/b><\/p>\n\n\n\n<p class=\"has-text-align-center has-small-font-size\">Julio Aliga<br><b>BIBLIOTECARIO<\/b><\/p>\n\n\n\n<p class=\"has-text-align-center has-small-font-size\">Maria E. Corrales de Landivar<br><b>BIBLIOTECARIA<\/b><\/p>\n\n\n\n<p class=\"has-text-align-center has-small-font-size\">Franklin Sevilla<br><b>BIBLIOTECARIA<\/b><\/p>\n\n\n\n<hr style=\"border: 0;\n    height: 1px;\n    background-image: linear-gradient(to right, rgba(0, 0, 0, 0), rgba(0, 0, 0, 0.75), rgba(0, 0, 0, 0));\">\n\n\n\n<p class=\"has-text-align-center has-medium-font-size\"><span style=\"color:#0693e3\" class=\"tadv-color\"><em><strong>SISTEMAS<\/strong><\/em><\/span><\/p>\n\n\n\n<p class=\"has-text-align-center has-small-font-size\">Lic. German Yahuita Quisbert<br><b>ENCARGADO DE CENTRO DE COMPUTO<\/b><\/p>\n\n\n\n<p class=\"has-text-align-center has-small-font-size\">Lic. Jhonny Mamani Cruz<br><strong>TECNICO I- INFORMATICO CENTRO DE COMPUTO<\/strong><\/p>\n\n\n\n<p class=\"has-text-align-center has-small-font-size\">Lic. Edil Silva Tintaya<br><strong>ANALISTA DE SISTEMAS<\/strong> <strong>(Edf. Nava Montes)<\/strong><\/p>\n\n\n\n<p class=\"has-text-align-center has-small-font-size\"><\/p>\n\n\n\n<p class=\"has-small-font-size\"><\/p>\n","protected":false},"excerpt":{"rendered":"<p>UNIDAD DIRECCI\u00d3N DE CARRERA Claudia M. Ramirez FloresSECRETARIA Lic. Gaby Gabriela Aroa CalizayaT\u00c9CNICO FINANCIERO (Monoblock) Luisandra Daga BlancoT\u00c9CNICO COMUNICADOR SOCIAL (Monoblock) Angelica Mariscal SuxoPORTERO MENSAJERO (Monoblock) Omar Choque VallejosAPOYO ADMINISTRATIVO IV (Monoblock) Milton Feliz Flores LarutaPORTERO MENSAJERO (Monoblock) Machaca Tola LourdesAPOYO ADMINISTRATIVO II (Monoblock) UNIDAD DE KARDEX Javier Escobar ParedesENCARGADO KARDEX ACADEMICO Reynaldo Morales VelascoKARDIXTA [&hellip;]<\/p>\n","protected":false},"author":1,"featured_media":0,"parent":0,"menu_order":0,"comment_status":"closed","ping_status":"closed","template":"","meta":{"_links_to":"","_links_to_target":""},"_links":{"self":[{"href":"https:\/\/ae.umsa.bo\/index.php\/wp-json\/wp\/v2\/pages\/142"}],"collection":[{"href":"https:\/\/ae.umsa.bo\/index.php\/wp-json\/wp\/v2\/pages"}],"about":[{"href":"https:\/\/ae.umsa.bo\/index.php\/wp-json\/wp\/v2\/types\/page"}],"author":[{"embeddable":true,"href":"https:\/\/ae.umsa.bo\/index.php\/wp-json\/wp\/v2\/users\/1"}],"replies":[{"embeddable":true,"href":"https:\/\/ae.umsa.bo\/index.php\/wp-json\/wp\/v2\/comments?post=142"}],"version-history":[{"count":20,"href":"https:\/\/ae.umsa.bo\/index.php\/wp-json\/wp\/v2\/pages\/142\/revisions"}],"predecessor-version":[{"id":10274,"href":"https:\/\/ae.umsa.bo\/index.php\/wp-json\/wp\/v2\/pages\/142\/revisions\/10274"}],"wp:attachment":[{"href":"https:\/\/ae.umsa.bo\/index.php\/wp-json\/wp\/v2\/media?parent=142"}],"curies":[{"name":"wp","href":"https:\/\/api.w.org\/{rel}","templated":true}]}}