{"id":2789,"date":"2022-02-22T14:51:02","date_gmt":"2022-02-22T18:51:02","guid":{"rendered":"http:\/\/200.7.160.154\/caepagina\/?page_id=2789"},"modified":"2025-06-06T16:11:18","modified_gmt":"2025-06-06T20:11:18","slug":"convenios","status":"publish","type":"page","link":"https:\/\/ae.umsa.bo\/index.php\/convenios\/","title":{"rendered":"Convenios"},"content":{"rendered":"\n<figure class=\"wp-block-image size-large\"><img loading=\"lazy\" width=\"800\" height=\"200\" src=\"http:\/\/200.7.160.154\/caepagina\/wp-content\/uploads\/2022\/02\/PARA_convenios.png\" alt=\"\" class=\"wp-image-2790\" srcset=\"https:\/\/ae.umsa.bo\/wp-content\/uploads\/2022\/02\/PARA_convenios.png 800w, https:\/\/ae.umsa.bo\/wp-content\/uploads\/2022\/02\/PARA_convenios-300x75.png 300w, https:\/\/ae.umsa.bo\/wp-content\/uploads\/2022\/02\/PARA_convenios-768x192.png 768w\" sizes=\"(max-width: 800px) 100vw, 800px\" \/><\/figure>\n\n\n\n<figure class=\"wp-block-table is-style-regular\"><table><tbody><tr><td><\/td><td><span style=\"color:#0693e3\" class=\"tadv-color\"><sub><span style=\"text-decoration: underline\" class=\"underline\">ENTIDAD<\/span><\/sub><\/span><\/td><td><\/td><td><sub><span style=\"text-decoration: underline\" class=\"underline\"><span style=\"color:#0693e3\" class=\"tadv-color\">DOCUMENTO<\/span><\/span><\/sub><\/td><\/tr><tr><td><sub><span style=\"color:#0693e3\" class=\"tadv-color\">1<\/span><\/sub><\/td><td><a href=\"http:\/\/www.fondesif.gob.bo\/\" target=\"_blank\" rel=\"noreferrer noopener\"><sub>Fondo de Desarrollo del Sistema Financiero<\/sub><\/a><\/td><td><img loading=\"lazy\" width=\"224\" height=\"225\" class=\"wp-image-2791\" style=\"width: 100px;\" src=\"http:\/\/200.7.160.154\/caepagina\/wp-content\/uploads\/2022\/02\/fondesif.png\" alt=\"\" srcset=\"https:\/\/ae.umsa.bo\/wp-content\/uploads\/2022\/02\/fondesif.png 224w, https:\/\/ae.umsa.bo\/wp-content\/uploads\/2022\/02\/fondesif-150x150.png 150w\" sizes=\"(max-width: 224px) 100vw, 224px\" \/><\/td><td><a href=\"http:\/\/200.7.160.154\/caepagina\/wp-content\/uploads\/2022\/02\/fondisefi_convenio.pdf\" target=\"_blank\" rel=\"noreferrer noopener\"><img loading=\"lazy\" width=\"512\" height=\"512\" class=\"wp-image-350\" style=\"width: 100px;\" src=\"http:\/\/200.7.160.154\/caepagina\/wp-content\/uploads\/2020\/11\/logopdf-1.jpg\" alt=\"\" srcset=\"https:\/\/ae.umsa.bo\/wp-content\/uploads\/2020\/11\/logopdf-1.jpg 512w, https:\/\/ae.umsa.bo\/wp-content\/uploads\/2020\/11\/logopdf-1-300x300.jpg 300w, https:\/\/ae.umsa.bo\/wp-content\/uploads\/2020\/11\/logopdf-1-150x150.jpg 150w\" sizes=\"(max-width: 512px) 100vw, 512px\" \/><\/a><\/td><\/tr><tr><td><span style=\"color:#0693e3\" class=\"tadv-color\"><sub>2<\/sub><\/span><\/td><td><a rel=\"noreferrer noopener\" href=\"https:\/\/www.ylb.gob.bo\/\" target=\"_blank\"><sub>Yacimientos de Litio Bolivianos: YLB<\/sub><\/a><\/td><td><img loading=\"lazy\" width=\"225\" height=\"225\" class=\"wp-image-2774\" style=\"width: 100px;\" src=\"http:\/\/200.7.160.154\/caepagina\/wp-content\/uploads\/2022\/02\/YAS_LITIO.png\" alt=\"\" srcset=\"https:\/\/ae.umsa.bo\/wp-content\/uploads\/2022\/02\/YAS_LITIO.png 225w, https:\/\/ae.umsa.bo\/wp-content\/uploads\/2022\/02\/YAS_LITIO-150x150.png 150w\" sizes=\"(max-width: 225px) 100vw, 225px\" \/><\/td><td><a href=\"http:\/\/200.7.160.154\/caepagina\/wp-content\/uploads\/2022\/02\/convenio_yasimientos_litio.pdf\" target=\"_blank\" rel=\"noreferrer noopener\"><img loading=\"lazy\" width=\"512\" height=\"512\" class=\"wp-image-350\" style=\"width: 100px;\" src=\"http:\/\/200.7.160.154\/caepagina\/wp-content\/uploads\/2020\/11\/logopdf-1.jpg\" alt=\"\" srcset=\"https:\/\/ae.umsa.bo\/wp-content\/uploads\/2020\/11\/logopdf-1.jpg 512w, https:\/\/ae.umsa.bo\/wp-content\/uploads\/2020\/11\/logopdf-1-300x300.jpg 300w, https:\/\/ae.umsa.bo\/wp-content\/uploads\/2020\/11\/logopdf-1-150x150.jpg 150w\" sizes=\"(max-width: 512px) 100vw, 512px\" \/><\/a><\/td><\/tr><tr><td><sub><span style=\"color:#0693e3\" class=\"tadv-color\">3<\/span><\/sub><\/td><td><sub><span style=\"color:#0693e3\" class=\"tadv-color\"><a href=\"https:\/\/www.agetic.gob.bo\/\" target=\"_blank\" rel=\"noreferrer noopener\">Agencia de Gobierno Electr\u00f3nico y Tecnolog\u00edas de Informaci\u00f3n y Comunicaci\u00f3n (AGETIC)<\/a><\/span><\/sub><\/td><td><img loading=\"lazy\" width=\"268\" height=\"188\" class=\"wp-image-3280\" style=\"width: 100px;\" src=\"http:\/\/200.7.160.154\/caepagina\/wp-content\/uploads\/2022\/05\/AGETIC.png\" alt=\"\"><\/td><td><a href=\"http:\/\/200.7.160.154\/caepagina\/wp-content\/uploads\/2022\/05\/AGETIC.pdf\" target=\"_blank\" rel=\"noreferrer noopener\"><img loading=\"lazy\" width=\"512\" height=\"512\" class=\"wp-image-350\" style=\"width: 100px;\" src=\"http:\/\/200.7.160.154\/caepagina\/wp-content\/uploads\/2020\/11\/logopdf-1.jpg\" alt=\"\" srcset=\"https:\/\/ae.umsa.bo\/wp-content\/uploads\/2020\/11\/logopdf-1.jpg 512w, https:\/\/ae.umsa.bo\/wp-content\/uploads\/2020\/11\/logopdf-1-300x300.jpg 300w, https:\/\/ae.umsa.bo\/wp-content\/uploads\/2020\/11\/logopdf-1-150x150.jpg 150w\" sizes=\"(max-width: 512px) 100vw, 512px\" \/><\/a><\/td><\/tr><tr><td>4<\/td><td><a href=\"https:\/\/www.contraloria.gob.bo\/\" target=\"_blank\" rel=\"noreferrer noopener\">https:\/\/www.contraloria.gob.bo\/<\/a><\/td><td><img loading=\"lazy\" width=\"225\" height=\"224\" class=\"wp-image-5285\" style=\"width: 100px;\" src=\"http:\/\/200.7.160.154\/caepagina\/wp-content\/uploads\/2023\/03\/logo_contra.jpg\" alt=\"\" srcset=\"https:\/\/ae.umsa.bo\/wp-content\/uploads\/2023\/03\/logo_contra.jpg 225w, https:\/\/ae.umsa.bo\/wp-content\/uploads\/2023\/03\/logo_contra-150x150.jpg 150w\" sizes=\"(max-width: 225px) 100vw, 225px\" \/><\/td><td><a href=\"http:\/\/200.7.160.154\/caepagina\/wp-content\/uploads\/2023\/03\/COMPUTO_PROYECTOS_1_20230315110003288.pdf\"><img loading=\"lazy\" width=\"512\" height=\"512\" class=\"wp-image-350\" style=\"width: 100px;\" src=\"http:\/\/200.7.160.154\/caepagina\/wp-content\/uploads\/2020\/11\/logopdf-1.jpg\" alt=\"\" srcset=\"https:\/\/ae.umsa.bo\/wp-content\/uploads\/2020\/11\/logopdf-1.jpg 512w, https:\/\/ae.umsa.bo\/wp-content\/uploads\/2020\/11\/logopdf-1-300x300.jpg 300w, https:\/\/ae.umsa.bo\/wp-content\/uploads\/2020\/11\/logopdf-1-150x150.jpg 150w\" sizes=\"(max-width: 512px) 100vw, 512px\" \/><\/a><\/td><\/tr><tr><td>5<\/td><td><a href=\"https:\/\/mirandolapaz.org\/\" target=\"_blank\" rel=\"noreferrer noopener\">Convenio de Cooperaci\u00f3n con la ONG Mirando La Paz.<br>Convenio Marco de Cooperaci\u00f3n con el Gobierno Aut\u00f3nomo Municipal de Puerto A costa.<\/a><\/td><td><\/td><td><img loading=\"lazy\" width=\"512\" height=\"512\" class=\"wp-image-350\" style=\"width: 100px;\" src=\"http:\/\/ae.umsa.bo\/wp-content\/uploads\/2020\/11\/logopdf-1.jpg\" alt=\"\" srcset=\"https:\/\/ae.umsa.bo\/wp-content\/uploads\/2020\/11\/logopdf-1.jpg 512w, https:\/\/ae.umsa.bo\/wp-content\/uploads\/2020\/11\/logopdf-1-300x300.jpg 300w, https:\/\/ae.umsa.bo\/wp-content\/uploads\/2020\/11\/logopdf-1-150x150.jpg 150w\" sizes=\"(max-width: 512px) 100vw, 512px\" \/><\/td><\/tr><tr><td>6<\/td><td><a href=\"https:\/\/umsa.bo\/\" target=\"_blank\" rel=\"noreferrer noopener\">Convenio de Cooperaci\u00f3n Interinstitucional entre el Ministerio de Gobierno, Polic\u00eda Boliviana y la Universidad Mayor de San Andr\u00e9s<\/a><\/td><td><img loading=\"lazy\" width=\"187\" height=\"269\" class=\"wp-image-8776\" style=\"width: 100px;\" src=\"http:\/\/ae.umsa.bo\/wp-content\/uploads\/2025\/02\/logo_poli.jpeg\" alt=\"\"><\/td><td><a rel=\"noreferrer noopener\" href=\"http:\/\/ae.umsa.bo\/wp-content\/uploads\/2025\/02\/conv_min_gob_poli_umsa.pdf\" target=\"_blank\"><code><img loading=\"lazy\" width=\"512\" height=\"512\" class=\"wp-image-350\" style=\"width: 100px;\" src=\"http:\/\/ae.umsa.bo\/wp-content\/uploads\/2020\/11\/logopdf-1.jpg\" alt=\"\" srcset=\"https:\/\/ae.umsa.bo\/wp-content\/uploads\/2020\/11\/logopdf-1.jpg 512w, https:\/\/ae.umsa.bo\/wp-content\/uploads\/2020\/11\/logopdf-1-300x300.jpg 300w, https:\/\/ae.umsa.bo\/wp-content\/uploads\/2020\/11\/logopdf-1-150x150.jpg 150w\" sizes=\"(max-width: 512px) 100vw, 512px\" \/><\/code><\/a><\/td><\/tr><tr><td>7<\/td><td><a href=\"http:\/\/ae.umsa.bo\/wp-content\/uploads\/2025\/04\/CONVENIO-ALCALDIA-Y-UMSA.pdf\" target=\"_blank\" rel=\"noreferrer noopener\">Convenio de cooperaci\u00f3n Interinstitucional entre el Gobierno Aut\u00f3nomo Municipal de La Paz y la UMSA<\/a><\/td><td><\/td><td><img loading=\"lazy\" width=\"512\" height=\"512\" class=\"wp-image-350\" style=\"width: 100px;\" src=\"http:\/\/ae.umsa.bo\/wp-content\/uploads\/2020\/11\/logopdf-1.jpg\" alt=\"\" srcset=\"https:\/\/ae.umsa.bo\/wp-content\/uploads\/2020\/11\/logopdf-1.jpg 512w, https:\/\/ae.umsa.bo\/wp-content\/uploads\/2020\/11\/logopdf-1-300x300.jpg 300w, https:\/\/ae.umsa.bo\/wp-content\/uploads\/2020\/11\/logopdf-1-150x150.jpg 150w\" sizes=\"(max-width: 512px) 100vw, 512px\" \/><\/td><\/tr><tr><td>8<\/td><td><a href=\"http:\/\/ae.umsa.bo\/wp-content\/uploads\/2025\/04\/CONVENIO-ENTEL-UMSA.pdf\" target=\"_blank\" rel=\"noreferrer noopener\">Convenio Interinstitucional para la implementaci\u00f3n de Pasant\u00edas en la Empresa Nacional de telecomunicaciones ENTEL S.A.<\/a><\/td><td><\/td><td><a href=\"http:\/\/ae.umsa.bo\/wp-content\/uploads\/2025\/04\/CONVENIO-ENTEL-UMSA.pdf\" target=\"_blank\" rel=\"noreferrer noopener\"><img src=\"http:\/\/ae.umsa.bo\/wp-content\/uploads\/2020\/11\/logopdf-1.jpg\" alt=\"\" style=\"width: 100px;\"><\/a><\/td><\/tr><tr><td>9<\/td><td><a href=\"http:\/\/ae.umsa.bo\/wp-content\/uploads\/2025\/04\/CONVENIO-VIVIENDA.pdf\" target=\"_blank\" rel=\"noreferrer noopener\">Convenio de Cooperaci\u00f3n Interinstitucional para la implementaci\u00f3n de Pasant\u00edas y Trabajos Dirigidos en la Agencia Estatal de Vivienda<\/a><\/td><td><\/td><td><a href=\"http:\/\/ae.umsa.bo\/wp-content\/uploads\/2025\/04\/CONVENIO-VIVIENDA.pdf\" target=\"_blank\" rel=\"noreferrer noopener\"><img src=\"http:\/\/ae.umsa.bo\/wp-content\/uploads\/2020\/11\/logopdf-1.jpg\" alt=\"\" style=\"width: 100px;\"><\/a><\/td><\/tr><tr><td>10<\/td><td><strong><a href=\"http:\/\/ae.umsa.bo\/wp-content\/uploads\/2025\/04\/CONVENIO-DE-COOPERACION-INTERINSTITUCIONAL-PARA-LA-REALIZACION-DE-PASANTIAS-Y-TRABAJOS-ENTRE-EL-MINISTERIO-PUBLICO-Y-LA-UMSA.pdf\" target=\"_blank\" rel=\"noreferrer noopener\">CONVENIO DE COOPERACI\u00d3N INTERINSTITUCIONAL PARA LA REALIZACI\u00d3N DE PASANT\u00cdAS Y TRABAJOS ENTRE EL MINISTERIO PUBLICO Y LA UMSA<\/a><\/strong><\/td><td><\/td><td><a href=\"http:\/\/ae.umsa.bo\/wp-content\/uploads\/2025\/04\/CONVENIO-DE-COOPERACION-INTERINSTITUCIONAL-PARA-LA-REALIZACION-DE-PASANTIAS-Y-TRABAJOS-ENTRE-EL-MINISTERIO-PUBLICO-Y-LA-UMSA.pdf\" data-type=\"URL\" data-id=\"http:\/\/ae.umsa.bo\/wp-content\/uploads\/2025\/04\/CONVENIO-DE-COOPERACION-INTERINSTITUCIONAL-PARA-LA-REALIZACION-DE-PASANTIAS-Y-TRABAJOS-ENTRE-EL-MINISTERIO-PUBLICO-Y-LA-UMSA.pdf\" target=\"_blank\" rel=\"noreferrer noopener\"><img loading=\"lazy\" width=\"512\" height=\"512\" class=\"wp-image-350\" style=\"width: 100px;\" src=\"http:\/\/ae.umsa.bo\/wp-content\/uploads\/2020\/11\/logopdf-1.jpg\" alt=\"\" srcset=\"https:\/\/ae.umsa.bo\/wp-content\/uploads\/2020\/11\/logopdf-1.jpg 512w, https:\/\/ae.umsa.bo\/wp-content\/uploads\/2020\/11\/logopdf-1-300x300.jpg 300w, https:\/\/ae.umsa.bo\/wp-content\/uploads\/2020\/11\/logopdf-1-150x150.jpg 150w\" sizes=\"(max-width: 512px) 100vw, 512px\" \/><\/a><\/td><\/tr><tr><td>11<\/td><td><strong><a href=\"http:\/\/ae.umsa.bo\/wp-content\/uploads\/2025\/06\/CONVENIO-GOB-CAJUATA-Y-CORIPATA.pdf\" target=\"_blank\" rel=\"noreferrer noopener\">CONVENIO DE COOPERACI\u00d3N INSTITUCIONAL GOBIERNO AUT\u00d3NOMO DE MUNICIPAL DE CAJUATA&nbsp; Y &nbsp;CONVENIO DE COOPERACI\u00d3N INSTITUCIONAL GOBIERNO AUT\u00d3NOMO DE MUNICIPAL DE CORIPATA<\/a><\/strong><\/td><td><\/td><td><a href=\"http:\/\/ae.umsa.bo\/wp-content\/uploads\/2025\/06\/CONVENIO-GOB-CAJUATA-Y-CORIPATA.pdf\" target=\"_blank\" rel=\"noreferrer noopener\"><img loading=\"lazy\" width=\"512\" height=\"512\" class=\"wp-image-344\" style=\"width: 100px;\" src=\"http:\/\/ae.umsa.bo\/wp-content\/uploads\/2020\/11\/logopdf.jpg\" alt=\"\" srcset=\"https:\/\/ae.umsa.bo\/wp-content\/uploads\/2020\/11\/logopdf.jpg 512w, https:\/\/ae.umsa.bo\/wp-content\/uploads\/2020\/11\/logopdf-300x300.jpg 300w, https:\/\/ae.umsa.bo\/wp-content\/uploads\/2020\/11\/logopdf-150x150.jpg 150w\" sizes=\"(max-width: 512px) 100vw, 512px\" \/><\/a><\/td><\/tr><\/tbody><\/table><\/figure>\n\n\n\n<p><\/p>\n","protected":false},"excerpt":{"rendered":"<p>ENTIDAD DOCUMENTO 1 Fondo de Desarrollo del Sistema Financiero 2 Yacimientos de Litio Bolivianos: YLB 3 Agencia de Gobierno Electr\u00f3nico y Tecnolog\u00edas de Informaci\u00f3n y Comunicaci\u00f3n (AGETIC) 4 https:\/\/www.contraloria.gob.bo\/ 5 Convenio de Cooperaci\u00f3n con la ONG Mirando La Paz.Convenio Marco de Cooperaci\u00f3n con el Gobierno Aut\u00f3nomo Municipal de Puerto A costa. 6 Convenio de Cooperaci\u00f3n [&hellip;]<\/p>\n","protected":false},"author":1,"featured_media":0,"parent":0,"menu_order":0,"comment_status":"closed","ping_status":"closed","template":"","meta":{"_links_to":"","_links_to_target":""},"_links":{"self":[{"href":"https:\/\/ae.umsa.bo\/index.php\/wp-json\/wp\/v2\/pages\/2789"}],"collection":[{"href":"https:\/\/ae.umsa.bo\/index.php\/wp-json\/wp\/v2\/pages"}],"about":[{"href":"https:\/\/ae.umsa.bo\/index.php\/wp-json\/wp\/v2\/types\/page"}],"author":[{"embeddable":true,"href":"https:\/\/ae.umsa.bo\/index.php\/wp-json\/wp\/v2\/users\/1"}],"replies":[{"embeddable":true,"href":"https:\/\/ae.umsa.bo\/index.php\/wp-json\/wp\/v2\/comments?post=2789"}],"version-history":[{"count":23,"href":"https:\/\/ae.umsa.bo\/index.php\/wp-json\/wp\/v2\/pages\/2789\/revisions"}],"predecessor-version":[{"id":9222,"href":"https:\/\/ae.umsa.bo\/index.php\/wp-json\/wp\/v2\/pages\/2789\/revisions\/9222"}],"wp:attachment":[{"href":"https:\/\/ae.umsa.bo\/index.php\/wp-json\/wp\/v2\/media?parent=2789"}],"curies":[{"name":"wp","href":"https:\/\/api.w.org\/{rel}","templated":true}]}}